{"id":9723,"date":"2022-03-01T10:38:17","date_gmt":"2022-03-01T10:38:17","guid":{"rendered":"https:\/\/genki.ro\/posturology\/"},"modified":"2023-01-13T16:29:59","modified_gmt":"2023-01-13T16:29:59","slug":"posturology","status":"publish","type":"page","link":"https:\/\/genki.ro\/en\/posturology\/","title":{"rendered":"Posturology"},"content":{"rendered":"<section class=\"wpb-content-wrapper\"><p>[vc_row full_width=&#8221;stretch_row&#8221; css=&#8221;.vc_custom_1648540902111{margin-top: -50px !important;background-color: #f4f4f4 !important;}&#8221; woodmart_css_id=&#8221;6242bcd468570&#8243; responsive_spacing=&#8221;eyJwYXJhbV90eXBlIjoid29vZG1hcnRfcmVzcG9uc2l2ZV9zcGFjaW5nIiwic2VsZWN0b3JfaWQiOiI2MjQyYmNkNDY4NTcwIiwic2hvcnRjb2RlIjoidmNfcm93IiwiZGF0YSI6eyJ0YWJsZXQiOnt9LCJtb2JpbGUiOnt9fX0=&#8221; mobile_bg_img_hidden=&#8221;no&#8221; tablet_bg_img_hidden=&#8221;no&#8221; woodmart_parallax=&#8221;0&#8243; woodmart_gradient_switch=&#8221;no&#8221; woodmart_box_shadow=&#8221;no&#8221; wd_z_index=&#8221;no&#8221; woodmart_disable_overflow=&#8221;0&#8243; row_reverse_mobile=&#8221;0&#8243; row_reverse_tablet=&#8221;0&#8243;][vc_column][vc_single_image image=&#8221;7309&#8243; alignment=&#8221;center&#8221; parallax_scroll=&#8221;no&#8221; woodmart_inline=&#8221;no&#8221;]\t\t\t<link rel=\"stylesheet\" id=\"wd-section-title-css\" href=\"https:\/\/genki.ro\/wp-content\/themes\/woodmart\/css\/parts\/el-section-title.min.css?ver=6.2.4\" type=\"text\/css\" media=\"all\" \/> \t\t\t\t\t\n\t\t<div id=\"wd-639b316e5b079\" class=\"title-wrapper wd-wpb set-mb-s reset-last-child  wd-rs-639b316e5b079 wd-title-color-primary wd-underline-colored wd-title-style-default wd-width-custom text-center vc_custom_1671115124510\">\n\t\t\t\n\t\t\t<div class=\"liner-continer\">\n\t\t\t\t<h4 class=\"woodmart-title-container title  wd-font-weight-700 wd-fontsize-m\" >Posturology<\/h4>\n\t\t\t\t\t\t\t<\/div>\n\t\t\t\n\t\t\t\n\t\t\t\n\t\t<\/div>\n\t\t\n\t\t[vc_empty_space height=&#8221;40x&#8221; woodmart_hide_large=&#8221;0&#8243; woodmart_hide_medium=&#8221;0&#8243; woodmart_hide_small=&#8221;0&#8243; woodmart_hide_extra_small=&#8221;0&#8243;][\/vc_column][\/vc_row][vc_row][vc_column][vc_row_inner][vc_column_inner]\t\t\n\t\t<div id=\"wd-6393910a4b0b1\" class=\"title-wrapper wd-wpb set-mb-s reset-last-child  wd-rs-6393910a4b0b1 wd-title-color-primary wd-underline-colored wd-title-style-default wd-width-custom text-left vc_custom_1670615313257\">\n\t\t\t\n\t\t\t<div class=\"liner-continer\">\n\t\t\t\t<h4 class=\"woodmart-title-container title  wd-font-weight-700 wd-fontsize-m\" >What is<\/h4>\n\t\t\t\t\t\t\t<\/div>\n\t\t\t\n\t\t\t\n\t\t\t\n\t\t<\/div>\n\t\t\n\t\t\t\t\t<link rel=\"stylesheet\" id=\"wd-text-block-css\" href=\"https:\/\/genki.ro\/wp-content\/themes\/woodmart\/css\/parts\/el-text-block.min.css?ver=6.2.4\" type=\"text\/css\" media=\"all\" \/> \t\t\t\t\t<div id=\"wd-63a4799c2587e\" class=\"wd-text-block wd-wpb reset-last-child wd-rs-63a4799c2587e wd-width-100 text-left color-scheme-dark wd-font-weight-400 wd-fontsize-m \">\n\t\t\t<h5 style=\"font-weight: 400;\">Postural analysis is the most important tool for assessing and determining pathological dysfunctions. This computerised digital analysis provides information about the level of motor function of the human body.<\/h5>\n\t\t<\/div>\n\t\t[\/vc_column_inner][\/vc_row_inner][\/vc_column][\/vc_row][vc_row full_width=&#8221;stretch_row&#8221; woodmart_bg_position=&#8221;center-center&#8221; woodmart_css_id=&#8221;639b317c03621&#8243; responsive_spacing=&#8221;eyJwYXJhbV90eXBlIjoid29vZG1hcnRfcmVzcG9uc2l2ZV9zcGFjaW5nIiwic2VsZWN0b3JfaWQiOiI2MzliMzE3YzAzNjIxIiwic2hvcnRjb2RlIjoidmNfcm93IiwiZGF0YSI6eyJ0YWJsZXQiOnt9LCJtb2JpbGUiOnt9fX0=&#8221; mobile_bg_img_hidden=&#8221;no&#8221; tablet_bg_img_hidden=&#8221;no&#8221; woodmart_parallax=&#8221;0&#8243; woodmart_gradient_switch=&#8221;no&#8221; woodmart_box_shadow=&#8221;no&#8221; wd_z_index=&#8221;no&#8221; woodmart_disable_overflow=&#8221;0&#8243; row_reverse_mobile=&#8221;0&#8243; row_reverse_tablet=&#8221;0&#8243; css=&#8221;.vc_custom_1671115136643{background-color: #ffffff !important;background-position: center !important;background-repeat: no-repeat !important;background-size: cover !important;}&#8221;][vc_column]\t\t\n\t\t<div id=\"wd-63a479a6ced1a\" class=\"title-wrapper wd-wpb set-mb-s reset-last-child  wd-rs-63a479a6ced1a wd-title-color-primary wd-underline-colored wd-title-style-default wd-width-custom text-left vc_custom_1671723436735\">\n\t\t\t\n\t\t\t<div class=\"liner-continer\">\n\t\t\t\t<h4 class=\"woodmart-title-container title  wd-font-weight-700 wd-fontsize-m\" >How is it performed?<\/h4>\n\t\t\t\t\t\t\t<\/div>\n\t\t\t\n\t\t\t\n\t\t\t\n\t\t<\/div>\n\t\t\n\t\t\t\t<div id=\"wd-63a479af7d9f6\" class=\"wd-text-block wd-wpb reset-last-child wd-rs-63a479af7d9f6 wd-width-100 text-left color-scheme-dark wd-font-weight-400 wd-fontsize-m \">\n\t\t\t<h5 style=\"font-weight: 400;\">Postural analysis records how pressure is distributed on both lower limbs in static and dynamic positions. It is a simple, non-invasive method to detect axial and compensatory deviations of the whole body. Following postural testing, depending on the result, the patient will be recommended custom orthopedic foot supports (heel cushions). The heel pads correct improper plantar pressures detected during postural testing. The use of orthopaedic foot supports makes the pressure distribute harmoniously, influencing joint biomechanics and posture of the whole body.<\/h5>\n\t\t<\/div>\n\t\t[\/vc_column][\/vc_row][vc_row][vc_column]\t\t\n\t\t<div id=\"wd-63999101c785c\" class=\"title-wrapper wd-wpb set-mb-s reset-last-child  wd-rs-63999101c785c wd-title-color-primary wd-underline-colored wd-title-style-default wd-width-custom text-left vc_custom_1671008516188\">\n\t\t\t\n\t\t\t<div class=\"liner-continer\">\n\t\t\t\t<h4 class=\"woodmart-title-container title  wd-font-weight-700 wd-fontsize-m\" >What conditions does it treat?<\/h4>\n\t\t\t\t\t\t\t<\/div>\n\t\t\t\n\t\t\t\n\t\t\t\n\t\t<\/div>\n\t\t\n\t\t[vc_column_text woodmart_inline=&#8221;no&#8221; text_larger=&#8221;no&#8221;]<\/p>\n<h5 style=\"font-weight: 400;\">Postural testing is recommended in the following pathologies:<\/h5>\n<ul>\n<li>\n<h5>Flat foot or cavity<\/h5>\n<\/li>\n<li>\n<h5>Foot valg or lime<\/h5>\n<\/li>\n<li>\n<h5>Knee valgus or varus<\/h5>\n<\/li>\n<li>\n<h5>Knees genu flexum or recurvatum<\/h5>\n<\/li>\n<li>\n<h5>Deviations of the spine (scoliosis, kyphosis, lordosis)<\/h5>\n<\/li>\n<li>\n<h5>Poor posture<\/h5>\n<\/li>\n<li>\n<h5>To improve sports performance<\/h5>\n<\/li>\n<\/ul>\n<p>[\/vc_column_text]\t\t\n\t\t<div id=\"wd-639991070b735\" class=\"title-wrapper wd-wpb set-mb-s reset-last-child  wd-rs-639991070b735 wd-title-color-primary wd-underline-colored wd-title-style-default wd-width-custom text-left vc_custom_1671008521076\">\n\t\t\t\n\t\t\t<div class=\"liner-continer\">\n\t\t\t\t<h4 class=\"woodmart-title-container title  wd-font-weight-700 wd-fontsize-m\" >Benefits<\/h4>\n\t\t\t\t\t\t\t<\/div>\n\t\t\t\n\t\t\t\n\t\t\t\n\t\t<\/div>\n\t\t\n\t\t[vc_column_text woodmart_inline=&#8221;no&#8221; text_larger=&#8221;no&#8221;]<\/p>\n<h5 style=\"font-weight: 400;\">Unlike the standard (mass-produced) braces that are sold in various stores or the heel pads obtained by scanning the soles only in a static position, at Genki Medical Center the plantar supports <strong> 100% custom orthopaedic<\/strong><strong> are obtained exclusively from <\/strong><strong>postural testing<\/strong><strong>. <\/strong><strong>This complex and precise analysis (it takes about 1 hour) is the only one that allows the making of the orthotic supports. <\/strong><strong>orthopaedic orthotics 100% customized <\/strong><strong>because<\/strong> <strong>analyses the pressure distribution on the<\/strong> <strong>of the lower limbs both in movement and in position <\/strong><strong>static position.<\/strong><\/h5>\n<p>[\/vc_column_text][\/vc_column][\/vc_row][vc_row full_width=&#8221;stretch_row&#8221; css=&#8221;.vc_custom_1673625955139{margin-bottom: 80px !important;padding-top: 80px !important;padding-bottom: 80px !important;background-position: center !important;background-repeat: no-repeat !important;background-size: cover !important;}&#8221; woodmart_parallax=&#8221;0&#8243; woodmart_gradient_switch=&#8221;no&#8221; row_reverse_mobile=&#8221;0&#8243; row_reverse_tablet=&#8221;0&#8243; woodmart_disable_overflow=&#8221;0&#8243; woodmart_css_id=&#8221;63c1815932b92&#8243; responsive_spacing=&#8221;eyJwYXJhbV90eXBlIjoid29vZG1hcnRfcmVzcG9uc2l2ZV9zcGFjaW5nIiwic2VsZWN0b3JfaWQiOiI2M2MxODE1OTMyYjkyIiwic2hvcnRjb2RlIjoidmNfcm93IiwiZGF0YSI6eyJ0YWJsZXQiOnt9LCJtb2JpbGUiOnt9fX0=&#8221; mobile_bg_img_hidden=&#8221;no&#8221; tablet_bg_img_hidden=&#8221;no&#8221; woodmart_box_shadow=&#8221;no&#8221; wd_z_index=&#8221;no&#8221;][vc_column css=&#8221;.vc_custom_1538393157360{padding-top: 0px !important;}&#8221; woodmart_parallax=&#8221;0&#8243; parallax_scroll=&#8221;no&#8221; woodmart_sticky_column=&#8221;false&#8221;][vc_row_inner equal_height=&#8221;yes&#8221; content_placement=&#8221;middle&#8221; css=&#8221;.vc_custom_1670942805545{background-color: #ffffff !important;}&#8221; row_reverse_mobile=&#8221;0&#8243; row_reverse_tablet=&#8221;0&#8243; woodmart_css_id=&#8221;6398904ce538a&#8221; responsive_spacing=&#8221;eyJwYXJhbV90eXBlIjoid29vZG1hcnRfcmVzcG9uc2l2ZV9zcGFjaW5nIiwic2VsZWN0b3JfaWQiOiI2Mzk4OTA0Y2U1MzhhIiwic2hvcnRjb2RlIjoidmNfcm93X2lubmVyIiwiZGF0YSI6eyJ0YWJsZXQiOnt9LCJtb2JpbGUiOnt9fX0=&#8221; mobile_bg_img_hidden=&#8221;no&#8221; tablet_bg_img_hidden=&#8221;no&#8221; woodmart_parallax=&#8221;0&#8243; woodmart_gradient_switch=&#8221;no&#8221; woodmart_box_shadow=&#8221;no&#8221; wd_z_index=&#8221;no&#8221; woodmart_disable_overflow=&#8221;0&#8243;][vc_column_inner offset=&#8221;vc_col-lg-6 vc_col-md-6 vc_col-xs-12&#8243; woodmart_css_id=&#8221;63989023092c4&#8243; parallax_scroll=&#8221;no&#8221; woodmart_sticky_column=&#8221;false&#8221; wd_collapsible_content_switcher=&#8221;no&#8221; mobile_bg_img_hidden=&#8221;no&#8221; tablet_bg_img_hidden=&#8221;no&#8221; woodmart_parallax=&#8221;0&#8243; woodmart_box_shadow=&#8221;no&#8221; wd_z_index=&#8221;no&#8221; responsive_spacing=&#8221;eyJwYXJhbV90eXBlIjoid29vZG1hcnRfcmVzcG9uc2l2ZV9zcGFjaW5nIiwic2VsZWN0b3JfaWQiOiI2Mzk4OTAyMzA5MmM0Iiwic2hvcnRjb2RlIjoidmNfY29sdW1uX2lubmVyIiwiZGF0YSI6eyJ0YWJsZXQiOnt9LCJtb2JpbGUiOnt9fX0=&#8221;]\t\t\n\t\t<div id=\"wd-63c16fe66a673\" class=\"title-wrapper wd-wpb set-mb-s reset-last-child  wd-rs-63c16fe66a673 wd-title-color-primary wd-underline-colored wd-title-style-simple wd-width-80 text-center \">\n\t\t\t\t\t\t\t<div class=\"title-subtitle  subtitle-color-primary font-default subtitle-style-default wd-font-weight- wd-fontsize-xs\">Genki Medical Center<\/div>\n\t\t\t\n\t\t\t<div class=\"liner-continer\">\n\t\t\t\t<h4 class=\"woodmart-title-container title  wd-font-weight- wd-fontsize-l\" >CONTACT<\/h4>\n\t\t\t\t\t\t\t<\/div>\n\t\t\t\n\t\t\t\t\t\t\t<div class=\"title-after_title  set-cont-mb-s reset-last-child  wd-fontsize-xs\">If you have any questions about the services<br \/>\nwe offer or about our clinic, contact us!<\/div>\n\t\t\t\n\t\t\t\n\t\t<\/div>\n\t\t\n\t\t<div id=\"wd-63c1814ca4c73\" class=\" wd-rs-63c1814ca4c73 wd-button-wrapper woodmart-button-wrapper text-center\"><a href=\"https:\/\/genki.ro\/en\/contact\/\" title=\"Contact\" class=\"btn btn-color-primary btn-style-default btn-shape-round btn-size-default\">CONTACT<\/a><\/div>[\/vc_column_inner][vc_column_inner offset=&#8221;vc_col-lg-6 vc_col-md-6 vc_col-xs-12&#8243; woodmart_css_id=&#8221;6398902d5ca3e&#8221; parallax_scroll=&#8221;no&#8221; woodmart_sticky_column=&#8221;false&#8221; wd_collapsible_content_switcher=&#8221;no&#8221; mobile_bg_img_hidden=&#8221;no&#8221; tablet_bg_img_hidden=&#8221;no&#8221; woodmart_parallax=&#8221;0&#8243; woodmart_box_shadow=&#8221;no&#8221; wd_z_index=&#8221;no&#8221; responsive_spacing=&#8221;eyJwYXJhbV90eXBlIjoid29vZG1hcnRfcmVzcG9uc2l2ZV9zcGFjaW5nIiwic2VsZWN0b3JfaWQiOiI2Mzk4OTAyZDVjYTNlIiwic2hvcnRjb2RlIjoidmNfY29sdW1uX2lubmVyIiwiZGF0YSI6eyJ0YWJsZXQiOnt9LCJtb2JpbGUiOnt9fX0=&#8221;]\t\t\n\t\t<div id=\"wd-63c16ffb19b85\" class=\"title-wrapper wd-wpb set-mb-s reset-last-child  wd-rs-63c16ffb19b85 wd-title-color-primary wd-underline-colored wd-title-style-simple wd-width-80 text-center vc_custom_1673621516034\">\n\t\t\t\t\t\t\t<div class=\"title-subtitle  subtitle-color-primary font-default subtitle-style-default wd-font-weight- wd-fontsize-xs\">Genki Medical Center<\/div>\n\t\t\t\n\t\t\t<div class=\"liner-continer\">\n\t\t\t\t<h4 class=\"woodmart-title-container title  wd-font-weight- wd-fontsize-l\" >SOCIAL MEDIA<\/h4>\n\t\t\t\t\t\t\t<\/div>\n\t\t\t\n\t\t\t\t\t\t\t<div class=\"title-after_title  set-cont-mb-s reset-last-child  wd-fontsize-xs\">Genki Medical Center is also present online, so you<br \/>\ncan follow our activity through the social networks below!<\/div>\n\t\t\t\n\t\t\t\n\t\t<\/div>\n\t\t\n\t\t\t\t\t<link rel=\"stylesheet\" id=\"wd-social-icons-css\" href=\"https:\/\/genki.ro\/wp-content\/themes\/woodmart\/css\/parts\/el-social-icons.min.css?ver=6.2.4\" type=\"text\/css\" media=\"all\" \/> \t\t\t\n\t\t\t<div class=\"wd-social-icons woodmart-social-icons text-center icons-design-default icons-size-default color-scheme-dark social-follow social-form-circle\">\n\t\t\t\t\t\t\t\t\t<a rel=\"noopener noreferrer nofollow\" href=\"#\" target=\"_blank\" class=\" wd-social-icon social-facebook\" aria-label=\"Facebook social link\">\n\t\t\t\t\t\t<span class=\"wd-icon\"><\/span>\n\t\t\t\t\t\t\t\t\t\t\t<\/a>\n\t\t\t\t\n\t\t\t\t\t\t\t\t\t<a rel=\"noopener noreferrer nofollow\" href=\"#\" target=\"_blank\" class=\" wd-social-icon social-twitter\" aria-label=\"Twitter social link\">\n\t\t\t\t\t\t<span class=\"wd-icon\"><\/span>\n\t\t\t\t\t\t\t\t\t\t\t<\/a>\n\t\t\t\t\n\t\t\t\t\n\t\t\t\t\t\t\t\t\t<a rel=\"noopener noreferrer nofollow\" href=\"#\" target=\"_blank\" class=\" wd-social-icon social-instagram\" aria-label=\"Instagram social link\">\n\t\t\t\t\t\t<span class=\"wd-icon\"><\/span>\n\t\t\t\t\t\t\t\t\t\t\t<\/a>\n\t\t\t\t\n\t\t\t\t\t\t\t\t\t<a rel=\"noopener noreferrer nofollow\" href=\"#\" target=\"_blank\" class=\" wd-social-icon social-youtube\" aria-label=\"YouTube social link\">\n\t\t\t\t\t\t<span class=\"wd-icon\"><\/span>\n\t\t\t\t\t\t\t\t\t\t\t<\/a>\n\t\t\t\t\n\t\t\t\t\t\t\t\t\t<a rel=\"noopener noreferrer nofollow\" href=\"#\" target=\"_blank\" class=\" wd-social-icon social-pinterest\" aria-label=\"Pinterest social link\">\n\t\t\t\t\t\t<span class=\"wd-icon\"><\/span>\n\t\t\t\t\t\t\t\t\t\t\t<\/a>\n\t\t\t\t\n\t\t\t\t\n\t\t\t\t\n\t\t\t\t\n\t\t\t\t\n\t\t\t\t\n\t\t\t\t\n\t\t\t\t\n\t\t\t\t\n\t\t\t\t\n\t\t\t\t\n\t\t\t\t\n\t\t\t\t\t\t\t\t\n\t\t\t\t\t\t\t\t\n\t\t\t\t\n\t\t\t\t\t\t\t\t\n\t\t\t\t\n\t\t\t<\/div>\n\n\t\t[\/vc_column_inner][\/vc_row_inner][\/vc_column][\/vc_row]<\/p>\n<\/section>","protected":false},"excerpt":{"rendered":"<p>[vc_row full_width=&#8221;stretch_row&#8221; css=&#8221;.vc_custom_1648540902111{margin-top: -50px !important;background-color: #f4f4f4 !important;}&#8221; woodmart_css_id=&#8221;6242bcd468570&#8243; responsive_spacing=&#8221;eyJwYXJhbV90eXBlIjoid29vZG1hcnRfcmVzcG9uc2l2ZV9zcGFjaW5nIiwic2VsZWN0b3JfaWQiOiI2MjQyYmNkNDY4NTcwIiwic2hvcnRjb2RlIjoidmNfcm93IiwiZGF0YSI6eyJ0YWJsZXQiOnt9LCJtb2JpbGUiOnt9fX0=&#8221; mobile_bg_img_hidden=&#8221;no&#8221; tablet_bg_img_hidden=&#8221;no&#8221; woodmart_parallax=&#8221;0&#8243; woodmart_gradient_switch=&#8221;no&#8221; woodmart_box_shadow=&#8221;no&#8221; wd_z_index=&#8221;no&#8221; woodmart_disable_overflow=&#8221;0&#8243; row_reverse_mobile=&#8221;0&#8243; row_reverse_tablet=&#8221;0&#8243;][vc_column][vc_single_image image=&#8221;7309&#8243; alignment=&#8221;center&#8221;<\/p>\n","protected":false},"author":2,"featured_media":0,"parent":0,"menu_order":0,"comment_status":"closed","ping_status":"closed","template":"","meta":{"content-type":"","footnotes":""},"class_list":["post-9723","page","type-page","status-publish","hentry"],"yoast_head":"<!-- This site is optimized with the Yoast SEO plugin v20.0 - https:\/\/yoast.com\/wordpress\/plugins\/seo\/ -->\n<title>Posturology - Genki Medical Center<\/title>\n<meta name=\"robots\" content=\"index, follow, max-snippet:-1, max-image-preview:large, max-video-preview:-1\" \/>\n<link rel=\"canonical\" href=\"https:\/\/genki.ro\/en\/posturology\/\" \/>\n<meta property=\"og:locale\" content=\"en_US\" \/>\n<meta property=\"og:type\" content=\"article\" \/>\n<meta property=\"og:title\" content=\"Posturology - Genki Medical Center\" \/>\n<meta property=\"og:description\" content=\"[vc_row full_width=&#8221;stretch_row&#8221; css=&#8221;.vc_custom_1648540902111{margin-top: -50px !important;background-color: #f4f4f4 !important;}&#8221; woodmart_css_id=&#8221;6242bcd468570&#8243; responsive_spacing=&#8221;eyJwYXJhbV90eXBlIjoid29vZG1hcnRfcmVzcG9uc2l2ZV9zcGFjaW5nIiwic2VsZWN0b3JfaWQiOiI2MjQyYmNkNDY4NTcwIiwic2hvcnRjb2RlIjoidmNfcm93IiwiZGF0YSI6eyJ0YWJsZXQiOnt9LCJtb2JpbGUiOnt9fX0=&#8221; mobile_bg_img_hidden=&#8221;no&#8221; tablet_bg_img_hidden=&#8221;no&#8221; woodmart_parallax=&#8221;0&#8243; woodmart_gradient_switch=&#8221;no&#8221; woodmart_box_shadow=&#8221;no&#8221; wd_z_index=&#8221;no&#8221; woodmart_disable_overflow=&#8221;0&#8243; row_reverse_mobile=&#8221;0&#8243; row_reverse_tablet=&#8221;0&#8243;][vc_column][vc_single_image image=&#8221;7309&#8243; alignment=&#8221;center&#8221;\" \/>\n<meta property=\"og:url\" content=\"https:\/\/genki.ro\/en\/posturology\/\" \/>\n<meta property=\"og:site_name\" content=\"Genki Medical Center\" \/>\n<meta property=\"article:publisher\" content=\"https:\/\/www.facebook.com\/genkimedicalcenter\" \/>\n<meta property=\"article:modified_time\" content=\"2023-01-13T16:29:59+00:00\" \/>\n<meta name=\"twitter:card\" content=\"summary_large_image\" \/>\n<meta name=\"twitter:label1\" content=\"Est. reading time\" \/>\n\t<meta name=\"twitter:data1\" content=\"13 minutes\" \/>\n<script type=\"application\/ld+json\" class=\"yoast-schema-graph\">{\"@context\":\"https:\/\/schema.org\",\"@graph\":[{\"@type\":\"WebPage\",\"@id\":\"https:\/\/genki.ro\/en\/posturology\/\",\"url\":\"https:\/\/genki.ro\/en\/posturology\/\",\"name\":\"Posturology - Genki Medical Center\",\"isPartOf\":{\"@id\":\"https:\/\/genki.ro\/#website\"},\"datePublished\":\"2022-03-01T10:38:17+00:00\",\"dateModified\":\"2023-01-13T16:29:59+00:00\",\"breadcrumb\":{\"@id\":\"https:\/\/genki.ro\/en\/posturology\/#breadcrumb\"},\"inLanguage\":\"en-US\",\"potentialAction\":[{\"@type\":\"ReadAction\",\"target\":[\"https:\/\/genki.ro\/en\/posturology\/\"]}]},{\"@type\":\"BreadcrumbList\",\"@id\":\"https:\/\/genki.ro\/en\/posturology\/#breadcrumb\",\"itemListElement\":[{\"@type\":\"ListItem\",\"position\":1,\"name\":\"Prima pagin\u0103\",\"item\":\"https:\/\/genki.ro\/en\/\"},{\"@type\":\"ListItem\",\"position\":2,\"name\":\"Posturology\"}]},{\"@type\":\"WebSite\",\"@id\":\"https:\/\/genki.ro\/#website\",\"url\":\"https:\/\/genki.ro\/\",\"name\":\"Genki Medical Center\",\"description\":\"Clinic\u0103 de medicin\u0103 fizic\u0103 si recuperare medical\u0103\",\"publisher\":{\"@id\":\"https:\/\/genki.ro\/#organization\"},\"potentialAction\":[{\"@type\":\"SearchAction\",\"target\":{\"@type\":\"EntryPoint\",\"urlTemplate\":\"https:\/\/genki.ro\/?s={search_term_string}\"},\"query-input\":\"required name=search_term_string\"}],\"inLanguage\":\"en-US\"},{\"@type\":\"Organization\",\"@id\":\"https:\/\/genki.ro\/#organization\",\"name\":\"Genki Medical Center\",\"url\":\"https:\/\/genki.ro\/\",\"logo\":{\"@type\":\"ImageObject\",\"inLanguage\":\"en-US\",\"@id\":\"https:\/\/genki.ro\/#\/schema\/logo\/image\/\",\"url\":\"https:\/\/genki.ro\/wp-content\/uploads\/2021\/07\/logo_Genki_pe-lung-1.svg\",\"contentUrl\":\"https:\/\/genki.ro\/wp-content\/uploads\/2021\/07\/logo_Genki_pe-lung-1.svg\",\"width\":658,\"height\":246,\"caption\":\"Genki Medical Center\"},\"image\":{\"@id\":\"https:\/\/genki.ro\/#\/schema\/logo\/image\/\"},\"sameAs\":[\"https:\/\/www.instagram.com\/genkimedicalcenter\/\",\"https:\/\/www.facebook.com\/genkimedicalcenter\"]}]}<\/script>\n<!-- \/ Yoast SEO plugin. -->","yoast_head_json":{"title":"Posturology - Genki Medical Center","robots":{"index":"index","follow":"follow","max-snippet":"max-snippet:-1","max-image-preview":"max-image-preview:large","max-video-preview":"max-video-preview:-1"},"canonical":"https:\/\/genki.ro\/en\/posturology\/","og_locale":"en_US","og_type":"article","og_title":"Posturology - Genki Medical Center","og_description":"[vc_row full_width=&#8221;stretch_row&#8221; css=&#8221;.vc_custom_1648540902111{margin-top: -50px !important;background-color: #f4f4f4 !important;}&#8221; woodmart_css_id=&#8221;6242bcd468570&#8243; responsive_spacing=&#8221;eyJwYXJhbV90eXBlIjoid29vZG1hcnRfcmVzcG9uc2l2ZV9zcGFjaW5nIiwic2VsZWN0b3JfaWQiOiI2MjQyYmNkNDY4NTcwIiwic2hvcnRjb2RlIjoidmNfcm93IiwiZGF0YSI6eyJ0YWJsZXQiOnt9LCJtb2JpbGUiOnt9fX0=&#8221; mobile_bg_img_hidden=&#8221;no&#8221; tablet_bg_img_hidden=&#8221;no&#8221; woodmart_parallax=&#8221;0&#8243; woodmart_gradient_switch=&#8221;no&#8221; woodmart_box_shadow=&#8221;no&#8221; wd_z_index=&#8221;no&#8221; woodmart_disable_overflow=&#8221;0&#8243; row_reverse_mobile=&#8221;0&#8243; row_reverse_tablet=&#8221;0&#8243;][vc_column][vc_single_image image=&#8221;7309&#8243; alignment=&#8221;center&#8221;","og_url":"https:\/\/genki.ro\/en\/posturology\/","og_site_name":"Genki Medical Center","article_publisher":"https:\/\/www.facebook.com\/genkimedicalcenter","article_modified_time":"2023-01-13T16:29:59+00:00","twitter_card":"summary_large_image","twitter_misc":{"Est. reading time":"13 minutes"},"schema":{"@context":"https:\/\/schema.org","@graph":[{"@type":"WebPage","@id":"https:\/\/genki.ro\/en\/posturology\/","url":"https:\/\/genki.ro\/en\/posturology\/","name":"Posturology - Genki Medical Center","isPartOf":{"@id":"https:\/\/genki.ro\/#website"},"datePublished":"2022-03-01T10:38:17+00:00","dateModified":"2023-01-13T16:29:59+00:00","breadcrumb":{"@id":"https:\/\/genki.ro\/en\/posturology\/#breadcrumb"},"inLanguage":"en-US","potentialAction":[{"@type":"ReadAction","target":["https:\/\/genki.ro\/en\/posturology\/"]}]},{"@type":"BreadcrumbList","@id":"https:\/\/genki.ro\/en\/posturology\/#breadcrumb","itemListElement":[{"@type":"ListItem","position":1,"name":"Prima pagin\u0103","item":"https:\/\/genki.ro\/en\/"},{"@type":"ListItem","position":2,"name":"Posturology"}]},{"@type":"WebSite","@id":"https:\/\/genki.ro\/#website","url":"https:\/\/genki.ro\/","name":"Genki Medical Center","description":"Clinic\u0103 de medicin\u0103 fizic\u0103 si recuperare medical\u0103","publisher":{"@id":"https:\/\/genki.ro\/#organization"},"potentialAction":[{"@type":"SearchAction","target":{"@type":"EntryPoint","urlTemplate":"https:\/\/genki.ro\/?s={search_term_string}"},"query-input":"required name=search_term_string"}],"inLanguage":"en-US"},{"@type":"Organization","@id":"https:\/\/genki.ro\/#organization","name":"Genki Medical Center","url":"https:\/\/genki.ro\/","logo":{"@type":"ImageObject","inLanguage":"en-US","@id":"https:\/\/genki.ro\/#\/schema\/logo\/image\/","url":"https:\/\/genki.ro\/wp-content\/uploads\/2021\/07\/logo_Genki_pe-lung-1.svg","contentUrl":"https:\/\/genki.ro\/wp-content\/uploads\/2021\/07\/logo_Genki_pe-lung-1.svg","width":658,"height":246,"caption":"Genki Medical Center"},"image":{"@id":"https:\/\/genki.ro\/#\/schema\/logo\/image\/"},"sameAs":["https:\/\/www.instagram.com\/genkimedicalcenter\/","https:\/\/www.facebook.com\/genkimedicalcenter"]}]}},"_links":{"self":[{"href":"https:\/\/genki.ro\/en\/wp-json\/wp\/v2\/pages\/9723","targetHints":{"allow":["GET"]}}],"collection":[{"href":"https:\/\/genki.ro\/en\/wp-json\/wp\/v2\/pages"}],"about":[{"href":"https:\/\/genki.ro\/en\/wp-json\/wp\/v2\/types\/page"}],"author":[{"embeddable":true,"href":"https:\/\/genki.ro\/en\/wp-json\/wp\/v2\/users\/2"}],"replies":[{"embeddable":true,"href":"https:\/\/genki.ro\/en\/wp-json\/wp\/v2\/comments?post=9723"}],"version-history":[{"count":3,"href":"https:\/\/genki.ro\/en\/wp-json\/wp\/v2\/pages\/9723\/revisions"}],"predecessor-version":[{"id":9726,"href":"https:\/\/genki.ro\/en\/wp-json\/wp\/v2\/pages\/9723\/revisions\/9726"}],"wp:attachment":[{"href":"https:\/\/genki.ro\/en\/wp-json\/wp\/v2\/media?parent=9723"}],"curies":[{"name":"wp","href":"https:\/\/api.w.org\/{rel}","templated":true}]}}