{"id":9618,"date":"2022-12-09T18:35:50","date_gmt":"2022-12-09T18:35:50","guid":{"rendered":"https:\/\/genki.ro\/mulligan-manual-technique\/"},"modified":"2023-01-13T16:12:09","modified_gmt":"2023-01-13T16:12:09","slug":"mulligan-manual-technique","status":"publish","type":"page","link":"https:\/\/genki.ro\/en\/mulligan-manual-technique\/","title":{"rendered":"Mulligan Manual Technique"},"content":{"rendered":"<section class=\"wpb-content-wrapper\"><p>[vc_row full_width=&#8221;stretch_row&#8221; css=&#8221;.vc_custom_1648540902111{margin-top: -50px !important;background-color: #f4f4f4 !important;}&#8221; woodmart_css_id=&#8221;6242bcd468570&#8243; responsive_spacing=&#8221;eyJwYXJhbV90eXBlIjoid29vZG1hcnRfcmVzcG9uc2l2ZV9zcGFjaW5nIiwic2VsZWN0b3JfaWQiOiI2MjQyYmNkNDY4NTcwIiwic2hvcnRjb2RlIjoidmNfcm93IiwiZGF0YSI6eyJ0YWJsZXQiOnt9LCJtb2JpbGUiOnt9fX0=&#8221; mobile_bg_img_hidden=&#8221;no&#8221; tablet_bg_img_hidden=&#8221;no&#8221; woodmart_parallax=&#8221;0&#8243; woodmart_gradient_switch=&#8221;no&#8221; woodmart_box_shadow=&#8221;no&#8221; wd_z_index=&#8221;no&#8221; woodmart_disable_overflow=&#8221;0&#8243; row_reverse_mobile=&#8221;0&#8243; row_reverse_tablet=&#8221;0&#8243;][vc_column][vc_single_image image=&#8221;7309&#8243; alignment=&#8221;center&#8221; parallax_scroll=&#8221;no&#8221; woodmart_inline=&#8221;no&#8221;]\t\t\t<link rel=\"stylesheet\" id=\"wd-section-title-css\" href=\"https:\/\/genki.ro\/wp-content\/themes\/woodmart\/css\/parts\/el-section-title.min.css?ver=6.2.4\" type=\"text\/css\" media=\"all\" \/> \t\t\t\t\t\n\t\t<div id=\"wd-639d8f34c55f9\" class=\"title-wrapper wd-wpb set-mb-s reset-last-child  wd-rs-639d8f34c55f9 wd-title-color-primary wd-underline-colored wd-title-style-default wd-width-custom text-center vc_custom_1671270204865\">\n\t\t\t\n\t\t\t<div class=\"liner-continer\">\n\t\t\t\t<h4 class=\"woodmart-title-container title  wd-font-weight-700 wd-fontsize-m\" >Mulligan Manual Therapy<\/h4>\n\t\t\t\t\t\t\t<\/div>\n\t\t\t\n\t\t\t\n\t\t\t\n\t\t<\/div>\n\t\t\n\t\t[vc_empty_space height=&#8221;40x&#8221; woodmart_hide_large=&#8221;0&#8243; woodmart_hide_medium=&#8221;0&#8243; woodmart_hide_small=&#8221;0&#8243; woodmart_hide_extra_small=&#8221;0&#8243;][\/vc_column][\/vc_row][vc_row][vc_column][vc_empty_space height=&#8221;50px&#8221; woodmart_hide_large=&#8221;0&#8243; woodmart_hide_medium=&#8221;0&#8243; woodmart_hide_small=&#8221;0&#8243; woodmart_hide_extra_small=&#8221;0&#8243;]\t\t\n\t\t<div id=\"wd-6393856e23cec\" class=\"title-wrapper wd-wpb set-mb-s reset-last-child  wd-rs-6393856e23cec wd-title-color-primary wd-underline-colored wd-title-style-default wd-width-100 text-left vc_custom_1670612343544\">\n\t\t\t\n\t\t\t<div class=\"liner-continer\">\n\t\t\t\t<h4 class=\"woodmart-title-container title  wd-font-weight-700 wd-fontsize-m\" >What is<\/h4>\n\t\t\t\t\t\t\t<\/div>\n\t\t\t\n\t\t\t\n\t\t\t\n\t\t<\/div>\n\t\t\n\t\t[vc_column_text woodmart_inline=&#8221;no&#8221; text_larger=&#8221;no&#8221;]<\/p>\n<div class=\"wpb_text_column wpb_content_element wpb_animate_when_almost_visible wpb_fadeIn fadeIn vc_custom_1601920469842 animated wpb_start_animation\">\n<div class=\"wpb_text_column wpb_content_element wpb_animate_when_almost_visible wpb_fadeIn fadeIn vc_custom_1601920469842 animated wpb_start_animation\">\n<div class=\"wpb_wrapper\">\n<h5 style=\"font-weight: 400;\">Mulligan Manual Therapy consists of a complex of assessment, diagnostic and treatment methods for treating joint pain and musculoskeletal dysfunction.<\/h5>\n<\/div>\n<\/div>\n<\/div>\n<p>[\/vc_column_text][\/vc_column][\/vc_row][vc_row full_width=&#8221;stretch_row&#8221; woodmart_bg_position=&#8221;center-center&#8221; woodmart_css_id=&#8221;639d8f0b2ec74&#8243; responsive_spacing=&#8221;eyJwYXJhbV90eXBlIjoid29vZG1hcnRfcmVzcG9uc2l2ZV9zcGFjaW5nIiwic2VsZWN0b3JfaWQiOiI2MzlkOGYwYjJlYzc0Iiwic2hvcnRjb2RlIjoidmNfcm93IiwiZGF0YSI6eyJ0YWJsZXQiOnt9LCJtb2JpbGUiOnt9fX0=&#8221; mobile_bg_img_hidden=&#8221;no&#8221; tablet_bg_img_hidden=&#8221;no&#8221; woodmart_parallax=&#8221;0&#8243; woodmart_gradient_switch=&#8221;no&#8221; woodmart_box_shadow=&#8221;no&#8221; wd_z_index=&#8221;no&#8221; woodmart_disable_overflow=&#8221;0&#8243; row_reverse_mobile=&#8221;0&#8243; row_reverse_tablet=&#8221;0&#8243; css=&#8221;.vc_custom_1671270158531{background-color: #ffffff !important;background-position: center !important;background-repeat: no-repeat !important;background-size: cover !important;}&#8221;][vc_column]\t\t\n\t\t<div id=\"wd-639d8ef2f08d3\" class=\"title-wrapper wd-wpb set-mb-s reset-last-child  wd-rs-639d8ef2f08d3 wd-title-color-primary wd-underline-colored wd-title-style-default wd-width-100 text-left vc_custom_1671270135775\">\n\t\t\t\n\t\t\t<div class=\"liner-continer\">\n\t\t\t\t<h4 class=\"woodmart-title-container title  wd-font-weight-700 wd-fontsize-m\" >How to apply?<\/h4>\n\t\t\t\t\t\t\t<\/div>\n\t\t\t\n\t\t\t\n\t\t\t\n\t\t<\/div>\n\t\t\n\t\t[vc_column_text woodmart_inline=&#8221;no&#8221; text_larger=&#8221;no&#8221;]<\/p>\n<div class=\"wpb_text_column wpb_content_element wpb_animate_when_almost_visible wpb_fadeIn fadeIn vc_custom_1601920469842 animated wpb_start_animation\">\n<div class=\"wpb_text_column wpb_content_element wpb_animate_when_almost_visible wpb_fadeIn fadeIn vc_custom_1601920469842 animated wpb_start_animation\">\n<div class=\"wpb_wrapper\">\n<h5 style=\"font-weight: 400;\">Mulligan treatment is based on passive mobilisations induced by the therapist, combined with active movements performed by the patient. It is a non-invasive, painless method performed through supportive mobilisation (repositioning of the joint component) with the aim of restoring functionality and reducing pain. The basic principle is mobilization with movement (MWM) and manual therapy techniques include: mobilization of the vertebral apophyses, mobilization of the spine associated with limb movement.<\/h5>\n<h5 style=\"font-weight: 400;\">In fact, the therapist will immobilise the joint (or vertebra) causing the pain and the patient will perform movements, monitoring the degree of amplitude and intensity of the pain. Then, observing the patient&#8217;s reaction, the therapist will make the necessary corrections. The exercises are repetitive. The skill and knowledge of the therapist will ultimately lead to the elimination of pain and the patient regaining mobility. The objective is to enable the patient to perform pain-free those movements that were previously restricted, basically regaining the functionality of the joint and the musculoskeletal system.<\/h5>\n<\/div>\n<\/div>\n<\/div>\n<p>[\/vc_column_text][\/vc_column][\/vc_row][vc_row][vc_column]\t\t\n\t\t<div id=\"wd-639996ead11ff\" class=\"title-wrapper wd-wpb set-mb-s reset-last-child  wd-rs-639996ead11ff wd-title-color-primary wd-underline-colored wd-title-style-default wd-width-100 text-left vc_custom_1671010028853\">\n\t\t\t\n\t\t\t<div class=\"liner-continer\">\n\t\t\t\t<h4 class=\"woodmart-title-container title  wd-font-weight-700 wd-fontsize-m\" >What conditions does it treat?<\/h4>\n\t\t\t\t\t\t\t<\/div>\n\t\t\t\n\t\t\t\n\t\t\t\n\t\t<\/div>\n\t\t\n\t\t[vc_column_text woodmart_inline=&#8221;no&#8221; text_larger=&#8221;no&#8221;]<\/p>\n<div class=\"wpb_text_column wpb_content_element wpb_animate_when_almost_visible wpb_fadeIn fadeIn vc_custom_1601920469842 animated wpb_start_animation\">\n<div class=\"wpb_text_column wpb_content_element wpb_animate_when_almost_visible wpb_fadeIn fadeIn vc_custom_1601920469842 animated wpb_start_animation\">\n<div class=\"wpb_wrapper\">\n<h5 style=\"font-weight: 400;\">This therapy is indicated in: non-inflammatory pain, loss of range of joint motion (arthrosis), headaches and dizziness (caused by cervical problems), sprains, epicondylitis, painful shoulder, acute pain following an accident, back pain.<\/h5>\n<\/div>\n<\/div>\n<\/div>\n<p>[\/vc_column_text][vc_empty_space woodmart_hide_large=&#8221;0&#8243; woodmart_hide_medium=&#8221;0&#8243; woodmart_hide_small=&#8221;0&#8243; woodmart_hide_extra_small=&#8221;0&#8243;]\t\t\n\t\t<div id=\"wd-639996ef37a36\" class=\"title-wrapper wd-wpb set-mb-s reset-last-child  wd-rs-639996ef37a36 wd-title-color-primary wd-underline-colored wd-title-style-default wd-width-100 text-left vc_custom_1671010033483\">\n\t\t\t\n\t\t\t<div class=\"liner-continer\">\n\t\t\t\t<h4 class=\"woodmart-title-container title  wd-font-weight-700 wd-fontsize-m\" >Benefits<\/h4>\n\t\t\t\t\t\t\t<\/div>\n\t\t\t\n\t\t\t\n\t\t\t\n\t\t<\/div>\n\t\t\n\t\t[vc_column_text woodmart_inline=&#8221;no&#8221; text_larger=&#8221;no&#8221;]<\/p>\n<div class=\"wpb_text_column wpb_content_element wpb_animate_when_almost_visible wpb_fadeIn fadeIn vc_custom_1601920469842 animated wpb_start_animation\">\n<h5 style=\"font-weight: 400;\">The theory and practice discovered and developed by Brian Mulligan has brought him worldwide recognition. He has taught at over 90 universities in the US, Australia, New Zealand and Europe. He has written two books of great impact. If you have headaches and dizziness caused by cervical conditions, then Mulligan therapy is the right thing to do. You will also get remarkable benefits such as:<\/h5>\n<ul>\n<li>\n<h5>postoperative medical recovery and rehabilitation of the spine;<\/h5>\n<\/li>\n<li>\n<h5>elimination of joint pain, except from acute inflammation;<\/h5>\n<\/li>\n<li>\n<h5>return to a normal life after accidents, elimination of post-traumatic pain;<\/h5>\n<\/li>\n<li>\n<h5>restore range of motion to joints reduced by joint conditions such as arthritis, arthrosis; sprains and strains of the ankle, shoulder, elbow and generally anything that limits your movement and the natural range of motion of the joint<\/h5>\n<\/li>\n<\/ul>\n<\/div>\n<p>[\/vc_column_text][vc_empty_space woodmart_hide_large=&#8221;0&#8243; woodmart_hide_medium=&#8221;0&#8243; woodmart_hide_small=&#8221;0&#8243; woodmart_hide_extra_small=&#8221;0&#8243;][\/vc_column][\/vc_row][vc_row full_width=&#8221;stretch_row&#8221; css=&#8221;.vc_custom_1673625955139{margin-bottom: 80px !important;padding-top: 80px !important;padding-bottom: 80px !important;background-position: center !important;background-repeat: no-repeat !important;background-size: cover !important;}&#8221; woodmart_parallax=&#8221;0&#8243; woodmart_gradient_switch=&#8221;no&#8221; row_reverse_mobile=&#8221;0&#8243; row_reverse_tablet=&#8221;0&#8243; woodmart_disable_overflow=&#8221;0&#8243; woodmart_css_id=&#8221;63c1815932b92&#8243; responsive_spacing=&#8221;eyJwYXJhbV90eXBlIjoid29vZG1hcnRfcmVzcG9uc2l2ZV9zcGFjaW5nIiwic2VsZWN0b3JfaWQiOiI2M2MxODE1OTMyYjkyIiwic2hvcnRjb2RlIjoidmNfcm93IiwiZGF0YSI6eyJ0YWJsZXQiOnt9LCJtb2JpbGUiOnt9fX0=&#8221; mobile_bg_img_hidden=&#8221;no&#8221; tablet_bg_img_hidden=&#8221;no&#8221; woodmart_box_shadow=&#8221;no&#8221; wd_z_index=&#8221;no&#8221;][vc_column css=&#8221;.vc_custom_1538393157360{padding-top: 0px !important;}&#8221; woodmart_parallax=&#8221;0&#8243; parallax_scroll=&#8221;no&#8221; woodmart_sticky_column=&#8221;false&#8221;][vc_row_inner equal_height=&#8221;yes&#8221; content_placement=&#8221;middle&#8221; css=&#8221;.vc_custom_1670942805545{background-color: #ffffff !important;}&#8221; row_reverse_mobile=&#8221;0&#8243; row_reverse_tablet=&#8221;0&#8243; woodmart_css_id=&#8221;6398904ce538a&#8221; responsive_spacing=&#8221;eyJwYXJhbV90eXBlIjoid29vZG1hcnRfcmVzcG9uc2l2ZV9zcGFjaW5nIiwic2VsZWN0b3JfaWQiOiI2Mzk4OTA0Y2U1MzhhIiwic2hvcnRjb2RlIjoidmNfcm93X2lubmVyIiwiZGF0YSI6eyJ0YWJsZXQiOnt9LCJtb2JpbGUiOnt9fX0=&#8221; mobile_bg_img_hidden=&#8221;no&#8221; tablet_bg_img_hidden=&#8221;no&#8221; woodmart_parallax=&#8221;0&#8243; woodmart_gradient_switch=&#8221;no&#8221; woodmart_box_shadow=&#8221;no&#8221; wd_z_index=&#8221;no&#8221; woodmart_disable_overflow=&#8221;0&#8243;][vc_column_inner offset=&#8221;vc_col-lg-6 vc_col-md-6 vc_col-xs-12&#8243; woodmart_css_id=&#8221;63989023092c4&#8243; parallax_scroll=&#8221;no&#8221; woodmart_sticky_column=&#8221;false&#8221; wd_collapsible_content_switcher=&#8221;no&#8221; mobile_bg_img_hidden=&#8221;no&#8221; tablet_bg_img_hidden=&#8221;no&#8221; woodmart_parallax=&#8221;0&#8243; woodmart_box_shadow=&#8221;no&#8221; wd_z_index=&#8221;no&#8221; responsive_spacing=&#8221;eyJwYXJhbV90eXBlIjoid29vZG1hcnRfcmVzcG9uc2l2ZV9zcGFjaW5nIiwic2VsZWN0b3JfaWQiOiI2Mzk4OTAyMzA5MmM0Iiwic2hvcnRjb2RlIjoidmNfY29sdW1uX2lubmVyIiwiZGF0YSI6eyJ0YWJsZXQiOnt9LCJtb2JpbGUiOnt9fX0=&#8221;]\t\t\n\t\t<div id=\"wd-63c16fe66a673\" class=\"title-wrapper wd-wpb set-mb-s reset-last-child  wd-rs-63c16fe66a673 wd-title-color-primary wd-underline-colored wd-title-style-simple wd-width-80 text-center \">\n\t\t\t\t\t\t\t<div class=\"title-subtitle  subtitle-color-primary font-default subtitle-style-default wd-font-weight- wd-fontsize-xs\">Genki Medical Center<\/div>\n\t\t\t\n\t\t\t<div class=\"liner-continer\">\n\t\t\t\t<h4 class=\"woodmart-title-container title  wd-font-weight- wd-fontsize-l\" >CONTACT<\/h4>\n\t\t\t\t\t\t\t<\/div>\n\t\t\t\n\t\t\t\t\t\t\t<div class=\"title-after_title  set-cont-mb-s reset-last-child  wd-fontsize-xs\">If you have any questions about the services<br \/>\nwe offer or about our clinic, contact us!<\/div>\n\t\t\t\n\t\t\t\n\t\t<\/div>\n\t\t\n\t\t<div id=\"wd-63c1814ca4c73\" class=\" wd-rs-63c1814ca4c73 wd-button-wrapper woodmart-button-wrapper text-center\"><a href=\"https:\/\/genki.ro\/en\/contact\/\" title=\"Contact\" class=\"btn btn-color-primary btn-style-default btn-shape-round btn-size-default\">CONTACT<\/a><\/div>[\/vc_column_inner][vc_column_inner offset=&#8221;vc_col-lg-6 vc_col-md-6 vc_col-xs-12&#8243; woodmart_css_id=&#8221;6398902d5ca3e&#8221; parallax_scroll=&#8221;no&#8221; woodmart_sticky_column=&#8221;false&#8221; wd_collapsible_content_switcher=&#8221;no&#8221; mobile_bg_img_hidden=&#8221;no&#8221; tablet_bg_img_hidden=&#8221;no&#8221; woodmart_parallax=&#8221;0&#8243; woodmart_box_shadow=&#8221;no&#8221; wd_z_index=&#8221;no&#8221; responsive_spacing=&#8221;eyJwYXJhbV90eXBlIjoid29vZG1hcnRfcmVzcG9uc2l2ZV9zcGFjaW5nIiwic2VsZWN0b3JfaWQiOiI2Mzk4OTAyZDVjYTNlIiwic2hvcnRjb2RlIjoidmNfY29sdW1uX2lubmVyIiwiZGF0YSI6eyJ0YWJsZXQiOnt9LCJtb2JpbGUiOnt9fX0=&#8221;]\t\t\n\t\t<div id=\"wd-63c16ffb19b85\" class=\"title-wrapper wd-wpb set-mb-s reset-last-child  wd-rs-63c16ffb19b85 wd-title-color-primary wd-underline-colored wd-title-style-simple wd-width-80 text-center vc_custom_1673621516034\">\n\t\t\t\t\t\t\t<div class=\"title-subtitle  subtitle-color-primary font-default subtitle-style-default wd-font-weight- wd-fontsize-xs\">Genki Medical Center<\/div>\n\t\t\t\n\t\t\t<div class=\"liner-continer\">\n\t\t\t\t<h4 class=\"woodmart-title-container title  wd-font-weight- wd-fontsize-l\" >SOCIAL MEDIA<\/h4>\n\t\t\t\t\t\t\t<\/div>\n\t\t\t\n\t\t\t\t\t\t\t<div class=\"title-after_title  set-cont-mb-s reset-last-child  wd-fontsize-xs\">Genki Medical Center is also present online, so you<br \/>\ncan follow our activity through the social networks below!<\/div>\n\t\t\t\n\t\t\t\n\t\t<\/div>\n\t\t\n\t\t\t\t\t<link rel=\"stylesheet\" id=\"wd-social-icons-css\" href=\"https:\/\/genki.ro\/wp-content\/themes\/woodmart\/css\/parts\/el-social-icons.min.css?ver=6.2.4\" type=\"text\/css\" media=\"all\" \/> \t\t\t\n\t\t\t<div class=\"wd-social-icons woodmart-social-icons text-center icons-design-default icons-size-default color-scheme-dark social-follow social-form-circle\">\n\t\t\t\t\t\t\t\t\t<a rel=\"noopener noreferrer nofollow\" href=\"#\" target=\"_blank\" class=\" wd-social-icon social-facebook\" aria-label=\"Facebook social link\">\n\t\t\t\t\t\t<span class=\"wd-icon\"><\/span>\n\t\t\t\t\t\t\t\t\t\t\t<\/a>\n\t\t\t\t\n\t\t\t\t\t\t\t\t\t<a rel=\"noopener noreferrer nofollow\" href=\"#\" target=\"_blank\" class=\" wd-social-icon social-twitter\" aria-label=\"Twitter social link\">\n\t\t\t\t\t\t<span class=\"wd-icon\"><\/span>\n\t\t\t\t\t\t\t\t\t\t\t<\/a>\n\t\t\t\t\n\t\t\t\t\n\t\t\t\t\t\t\t\t\t<a rel=\"noopener noreferrer nofollow\" href=\"#\" target=\"_blank\" class=\" wd-social-icon social-instagram\" aria-label=\"Instagram social link\">\n\t\t\t\t\t\t<span class=\"wd-icon\"><\/span>\n\t\t\t\t\t\t\t\t\t\t\t<\/a>\n\t\t\t\t\n\t\t\t\t\t\t\t\t\t<a rel=\"noopener noreferrer nofollow\" href=\"#\" target=\"_blank\" class=\" wd-social-icon social-youtube\" aria-label=\"YouTube social link\">\n\t\t\t\t\t\t<span class=\"wd-icon\"><\/span>\n\t\t\t\t\t\t\t\t\t\t\t<\/a>\n\t\t\t\t\n\t\t\t\t\t\t\t\t\t<a rel=\"noopener noreferrer nofollow\" href=\"#\" target=\"_blank\" class=\" wd-social-icon social-pinterest\" aria-label=\"Pinterest social link\">\n\t\t\t\t\t\t<span class=\"wd-icon\"><\/span>\n\t\t\t\t\t\t\t\t\t\t\t<\/a>\n\t\t\t\t\n\t\t\t\t\n\t\t\t\t\n\t\t\t\t\n\t\t\t\t\n\t\t\t\t\n\t\t\t\t\n\t\t\t\t\n\t\t\t\t\n\t\t\t\t\n\t\t\t\t\n\t\t\t\t\n\t\t\t\t\t\t\t\t\n\t\t\t\t\t\t\t\t\n\t\t\t\t\n\t\t\t\t\t\t\t\t\n\t\t\t\t\n\t\t\t<\/div>\n\n\t\t[\/vc_column_inner][\/vc_row_inner][\/vc_column][\/vc_row]<\/p>\n<\/section>","protected":false},"excerpt":{"rendered":"<p>[vc_row full_width=&#8221;stretch_row&#8221; css=&#8221;.vc_custom_1648540902111{margin-top: -50px !important;background-color: #f4f4f4 !important;}&#8221; woodmart_css_id=&#8221;6242bcd468570&#8243; responsive_spacing=&#8221;eyJwYXJhbV90eXBlIjoid29vZG1hcnRfcmVzcG9uc2l2ZV9zcGFjaW5nIiwic2VsZWN0b3JfaWQiOiI2MjQyYmNkNDY4NTcwIiwic2hvcnRjb2RlIjoidmNfcm93IiwiZGF0YSI6eyJ0YWJsZXQiOnt9LCJtb2JpbGUiOnt9fX0=&#8221; mobile_bg_img_hidden=&#8221;no&#8221; tablet_bg_img_hidden=&#8221;no&#8221; woodmart_parallax=&#8221;0&#8243; woodmart_gradient_switch=&#8221;no&#8221; woodmart_box_shadow=&#8221;no&#8221; wd_z_index=&#8221;no&#8221; woodmart_disable_overflow=&#8221;0&#8243; row_reverse_mobile=&#8221;0&#8243; row_reverse_tablet=&#8221;0&#8243;][vc_column][vc_single_image image=&#8221;7309&#8243; alignment=&#8221;center&#8221;<\/p>\n","protected":false},"author":2,"featured_media":0,"parent":0,"menu_order":0,"comment_status":"closed","ping_status":"closed","template":"","meta":{"content-type":"","footnotes":""},"class_list":["post-9618","page","type-page","status-publish","hentry"],"yoast_head":"<!-- This site is optimized with the Yoast SEO plugin v20.0 - https:\/\/yoast.com\/wordpress\/plugins\/seo\/ -->\n<title>Mulligan Manual Technique - Genki Medical Center<\/title>\n<meta name=\"robots\" content=\"index, follow, max-snippet:-1, max-image-preview:large, max-video-preview:-1\" \/>\n<link rel=\"canonical\" href=\"https:\/\/genki.ro\/en\/mulligan-manual-technique\/\" \/>\n<meta property=\"og:locale\" content=\"en_US\" \/>\n<meta property=\"og:type\" content=\"article\" \/>\n<meta property=\"og:title\" content=\"Mulligan Manual Technique - Genki Medical Center\" \/>\n<meta property=\"og:description\" content=\"[vc_row full_width=&#8221;stretch_row&#8221; css=&#8221;.vc_custom_1648540902111{margin-top: -50px !important;background-color: #f4f4f4 !important;}&#8221; woodmart_css_id=&#8221;6242bcd468570&#8243; responsive_spacing=&#8221;eyJwYXJhbV90eXBlIjoid29vZG1hcnRfcmVzcG9uc2l2ZV9zcGFjaW5nIiwic2VsZWN0b3JfaWQiOiI2MjQyYmNkNDY4NTcwIiwic2hvcnRjb2RlIjoidmNfcm93IiwiZGF0YSI6eyJ0YWJsZXQiOnt9LCJtb2JpbGUiOnt9fX0=&#8221; mobile_bg_img_hidden=&#8221;no&#8221; tablet_bg_img_hidden=&#8221;no&#8221; woodmart_parallax=&#8221;0&#8243; woodmart_gradient_switch=&#8221;no&#8221; woodmart_box_shadow=&#8221;no&#8221; wd_z_index=&#8221;no&#8221; woodmart_disable_overflow=&#8221;0&#8243; row_reverse_mobile=&#8221;0&#8243; row_reverse_tablet=&#8221;0&#8243;][vc_column][vc_single_image image=&#8221;7309&#8243; alignment=&#8221;center&#8221;\" \/>\n<meta property=\"og:url\" content=\"https:\/\/genki.ro\/en\/mulligan-manual-technique\/\" \/>\n<meta property=\"og:site_name\" content=\"Genki Medical Center\" \/>\n<meta property=\"article:publisher\" content=\"https:\/\/www.facebook.com\/genkimedicalcenter\" \/>\n<meta property=\"article:modified_time\" content=\"2023-01-13T16:12:09+00:00\" \/>\n<meta name=\"twitter:card\" content=\"summary_large_image\" \/>\n<meta name=\"twitter:label1\" content=\"Est. reading time\" \/>\n\t<meta name=\"twitter:data1\" content=\"11 minutes\" \/>\n<script type=\"application\/ld+json\" class=\"yoast-schema-graph\">{\"@context\":\"https:\/\/schema.org\",\"@graph\":[{\"@type\":\"WebPage\",\"@id\":\"https:\/\/genki.ro\/en\/mulligan-manual-technique\/\",\"url\":\"https:\/\/genki.ro\/en\/mulligan-manual-technique\/\",\"name\":\"Mulligan Manual Technique - Genki Medical Center\",\"isPartOf\":{\"@id\":\"https:\/\/genki.ro\/#website\"},\"datePublished\":\"2022-12-09T18:35:50+00:00\",\"dateModified\":\"2023-01-13T16:12:09+00:00\",\"breadcrumb\":{\"@id\":\"https:\/\/genki.ro\/en\/mulligan-manual-technique\/#breadcrumb\"},\"inLanguage\":\"en-US\",\"potentialAction\":[{\"@type\":\"ReadAction\",\"target\":[\"https:\/\/genki.ro\/en\/mulligan-manual-technique\/\"]}]},{\"@type\":\"BreadcrumbList\",\"@id\":\"https:\/\/genki.ro\/en\/mulligan-manual-technique\/#breadcrumb\",\"itemListElement\":[{\"@type\":\"ListItem\",\"position\":1,\"name\":\"Prima pagin\u0103\",\"item\":\"https:\/\/genki.ro\/en\/\"},{\"@type\":\"ListItem\",\"position\":2,\"name\":\"Mulligan Manual Technique\"}]},{\"@type\":\"WebSite\",\"@id\":\"https:\/\/genki.ro\/#website\",\"url\":\"https:\/\/genki.ro\/\",\"name\":\"Genki Medical Center\",\"description\":\"Clinic\u0103 de medicin\u0103 fizic\u0103 si recuperare medical\u0103\",\"publisher\":{\"@id\":\"https:\/\/genki.ro\/#organization\"},\"potentialAction\":[{\"@type\":\"SearchAction\",\"target\":{\"@type\":\"EntryPoint\",\"urlTemplate\":\"https:\/\/genki.ro\/?s={search_term_string}\"},\"query-input\":\"required name=search_term_string\"}],\"inLanguage\":\"en-US\"},{\"@type\":\"Organization\",\"@id\":\"https:\/\/genki.ro\/#organization\",\"name\":\"Genki Medical Center\",\"url\":\"https:\/\/genki.ro\/\",\"logo\":{\"@type\":\"ImageObject\",\"inLanguage\":\"en-US\",\"@id\":\"https:\/\/genki.ro\/#\/schema\/logo\/image\/\",\"url\":\"https:\/\/genki.ro\/wp-content\/uploads\/2021\/07\/logo_Genki_pe-lung-1.svg\",\"contentUrl\":\"https:\/\/genki.ro\/wp-content\/uploads\/2021\/07\/logo_Genki_pe-lung-1.svg\",\"width\":658,\"height\":246,\"caption\":\"Genki Medical Center\"},\"image\":{\"@id\":\"https:\/\/genki.ro\/#\/schema\/logo\/image\/\"},\"sameAs\":[\"https:\/\/www.instagram.com\/genkimedicalcenter\/\",\"https:\/\/www.facebook.com\/genkimedicalcenter\"]}]}<\/script>\n<!-- \/ Yoast SEO plugin. -->","yoast_head_json":{"title":"Mulligan Manual Technique - Genki Medical Center","robots":{"index":"index","follow":"follow","max-snippet":"max-snippet:-1","max-image-preview":"max-image-preview:large","max-video-preview":"max-video-preview:-1"},"canonical":"https:\/\/genki.ro\/en\/mulligan-manual-technique\/","og_locale":"en_US","og_type":"article","og_title":"Mulligan Manual Technique - Genki Medical Center","og_description":"[vc_row full_width=&#8221;stretch_row&#8221; css=&#8221;.vc_custom_1648540902111{margin-top: -50px !important;background-color: #f4f4f4 !important;}&#8221; woodmart_css_id=&#8221;6242bcd468570&#8243; responsive_spacing=&#8221;eyJwYXJhbV90eXBlIjoid29vZG1hcnRfcmVzcG9uc2l2ZV9zcGFjaW5nIiwic2VsZWN0b3JfaWQiOiI2MjQyYmNkNDY4NTcwIiwic2hvcnRjb2RlIjoidmNfcm93IiwiZGF0YSI6eyJ0YWJsZXQiOnt9LCJtb2JpbGUiOnt9fX0=&#8221; mobile_bg_img_hidden=&#8221;no&#8221; tablet_bg_img_hidden=&#8221;no&#8221; woodmart_parallax=&#8221;0&#8243; woodmart_gradient_switch=&#8221;no&#8221; woodmart_box_shadow=&#8221;no&#8221; wd_z_index=&#8221;no&#8221; woodmart_disable_overflow=&#8221;0&#8243; row_reverse_mobile=&#8221;0&#8243; row_reverse_tablet=&#8221;0&#8243;][vc_column][vc_single_image image=&#8221;7309&#8243; alignment=&#8221;center&#8221;","og_url":"https:\/\/genki.ro\/en\/mulligan-manual-technique\/","og_site_name":"Genki Medical Center","article_publisher":"https:\/\/www.facebook.com\/genkimedicalcenter","article_modified_time":"2023-01-13T16:12:09+00:00","twitter_card":"summary_large_image","twitter_misc":{"Est. reading time":"11 minutes"},"schema":{"@context":"https:\/\/schema.org","@graph":[{"@type":"WebPage","@id":"https:\/\/genki.ro\/en\/mulligan-manual-technique\/","url":"https:\/\/genki.ro\/en\/mulligan-manual-technique\/","name":"Mulligan Manual Technique - Genki Medical Center","isPartOf":{"@id":"https:\/\/genki.ro\/#website"},"datePublished":"2022-12-09T18:35:50+00:00","dateModified":"2023-01-13T16:12:09+00:00","breadcrumb":{"@id":"https:\/\/genki.ro\/en\/mulligan-manual-technique\/#breadcrumb"},"inLanguage":"en-US","potentialAction":[{"@type":"ReadAction","target":["https:\/\/genki.ro\/en\/mulligan-manual-technique\/"]}]},{"@type":"BreadcrumbList","@id":"https:\/\/genki.ro\/en\/mulligan-manual-technique\/#breadcrumb","itemListElement":[{"@type":"ListItem","position":1,"name":"Prima pagin\u0103","item":"https:\/\/genki.ro\/en\/"},{"@type":"ListItem","position":2,"name":"Mulligan Manual Technique"}]},{"@type":"WebSite","@id":"https:\/\/genki.ro\/#website","url":"https:\/\/genki.ro\/","name":"Genki Medical Center","description":"Clinic\u0103 de medicin\u0103 fizic\u0103 si recuperare medical\u0103","publisher":{"@id":"https:\/\/genki.ro\/#organization"},"potentialAction":[{"@type":"SearchAction","target":{"@type":"EntryPoint","urlTemplate":"https:\/\/genki.ro\/?s={search_term_string}"},"query-input":"required name=search_term_string"}],"inLanguage":"en-US"},{"@type":"Organization","@id":"https:\/\/genki.ro\/#organization","name":"Genki Medical Center","url":"https:\/\/genki.ro\/","logo":{"@type":"ImageObject","inLanguage":"en-US","@id":"https:\/\/genki.ro\/#\/schema\/logo\/image\/","url":"https:\/\/genki.ro\/wp-content\/uploads\/2021\/07\/logo_Genki_pe-lung-1.svg","contentUrl":"https:\/\/genki.ro\/wp-content\/uploads\/2021\/07\/logo_Genki_pe-lung-1.svg","width":658,"height":246,"caption":"Genki Medical Center"},"image":{"@id":"https:\/\/genki.ro\/#\/schema\/logo\/image\/"},"sameAs":["https:\/\/www.instagram.com\/genkimedicalcenter\/","https:\/\/www.facebook.com\/genkimedicalcenter"]}]}},"_links":{"self":[{"href":"https:\/\/genki.ro\/en\/wp-json\/wp\/v2\/pages\/9618","targetHints":{"allow":["GET"]}}],"collection":[{"href":"https:\/\/genki.ro\/en\/wp-json\/wp\/v2\/pages"}],"about":[{"href":"https:\/\/genki.ro\/en\/wp-json\/wp\/v2\/types\/page"}],"author":[{"embeddable":true,"href":"https:\/\/genki.ro\/en\/wp-json\/wp\/v2\/users\/2"}],"replies":[{"embeddable":true,"href":"https:\/\/genki.ro\/en\/wp-json\/wp\/v2\/comments?post=9618"}],"version-history":[{"count":3,"href":"https:\/\/genki.ro\/en\/wp-json\/wp\/v2\/pages\/9618\/revisions"}],"predecessor-version":[{"id":9705,"href":"https:\/\/genki.ro\/en\/wp-json\/wp\/v2\/pages\/9618\/revisions\/9705"}],"wp:attachment":[{"href":"https:\/\/genki.ro\/en\/wp-json\/wp\/v2\/media?parent=9618"}],"curies":[{"name":"wp","href":"https:\/\/api.w.org\/{rel}","templated":true}]}}